{"id":205,"date":"2017-08-08T09:48:23","date_gmt":"2017-08-08T12:48:23","guid":{"rendered":"http:\/\/www.cepemacae.com.br\/novo\/?page_id=205"},"modified":"2017-09-13T17:48:34","modified_gmt":"2017-09-13T20:48:34","slug":"secretaria","status":"publish","type":"page","link":"http:\/\/www.cepemacae.com.br\/novo\/secretaria\/","title":{"rendered":"Secretaria"},"content":{"rendered":"<p><strong><u>FUNCIOMENTO DA SECRETARIA<\/u><\/strong><\/p>\n<p><strong><em><u>\u00a0<\/u><\/em><\/strong><\/p>\n<p><strong>Ter\u00e7a \u00e0 Sexta<\/strong><\/p>\n<p><strong>08h \u00e0s 21h<\/strong><\/p>\n<p><strong>\u00a0<\/strong><\/p>\n<p><strong>S\u00e1b., Dom. e Feriado<\/strong><\/p>\n<p><strong>08h \u00e0s 17h<\/strong><\/p>\n","protected":false},"excerpt":{"rendered":"FUNCIOMENTO DA SECRETARIA \u00a0 Ter\u00e7a \u00e0 Sexta 08h \u00e0s 21h \u00a0 S\u00e1b., Dom. e Feriado 08h \u00e0s 17h","protected":false},"author":1,"featured_media":0,"parent":0,"menu_order":0,"comment_status":"closed","ping_status":"closed","template":"","meta":[],"_links":{"self":[{"href":"http:\/\/www.cepemacae.com.br\/novo\/wp-json\/wp\/v2\/pages\/205"}],"collection":[{"href":"http:\/\/www.cepemacae.com.br\/novo\/wp-json\/wp\/v2\/pages"}],"about":[{"href":"http:\/\/www.cepemacae.com.br\/novo\/wp-json\/wp\/v2\/types\/page"}],"author":[{"embeddable":true,"href":"http:\/\/www.cepemacae.com.br\/novo\/wp-json\/wp\/v2\/users\/1"}],"replies":[{"embeddable":true,"href":"http:\/\/www.cepemacae.com.br\/novo\/wp-json\/wp\/v2\/comments?post=205"}],"version-history":[{"count":2,"href":"http:\/\/www.cepemacae.com.br\/novo\/wp-json\/wp\/v2\/pages\/205\/revisions"}],"predecessor-version":[{"id":2031,"href":"http:\/\/www.cepemacae.com.br\/novo\/wp-json\/wp\/v2\/pages\/205\/revisions\/2031"}],"wp:attachment":[{"href":"http:\/\/www.cepemacae.com.br\/novo\/wp-json\/wp\/v2\/media?parent=205"}],"curies":[{"name":"wp","href":"https:\/\/api.w.org\/{rel}","templated":true}]}}