{"id":40,"date":"2017-08-03T17:18:05","date_gmt":"2017-08-03T20:18:05","guid":{"rendered":"https:\/\/www.cepemacae.com.br\/novo\/?page_id=40"},"modified":"2026-02-11T11:13:36","modified_gmt":"2026-02-11T14:13:36","slug":"associe-se","status":"publish","type":"page","link":"http:\/\/www.cepemacae.com.br\/novo\/associe-se\/","title":{"rendered":"Associe-se"},"content":{"rendered":"\r\n<div class=\"wp-block-group\"><div class=\"wp-block-group__inner-container\">\r\n<p>Orienta\u00e7\u00f5es para se tornar s\u00f3cio do CEPE -Maca\u00e9<\/p>\r\n<p>1 &#8211; Verifique em qual categoria de s\u00f3cio voc\u00ea se enquadra;<\/p>\r\n<p>2 &#8211; Junte a documenta\u00e7\u00e3o necess\u00e1ria;<br \/>3 &#8211; Dirija-se a secretaria para PREENCHER a<span style=\"color: #000000;\"> sua proposta e en<\/span>tregar a documenta\u00e7\u00e3o.<\/p>\r\n<p>Aten\u00e7\u00e3o :<\/p>\r\n<p>S\u00e3o considerados dependentes dos associados:<br \/>a) Os filhos de at\u00e9 21 anos e o c\u00f4njuge ou companheira(o) legalmente reconhecida(o).<br \/>b) Os filhos at\u00e9 completar 24 anos que estejam cursando n\u00edvel superior.<\/p>\r\n<p>Categoria de s\u00f3cios:<\/p>\r\n<p><strong>Plano Efetivos<\/strong><\/p>\r\n<p><a href=\"http:\/\/www.cepemacae.com.br\/novo\/wp-content\/uploads\/2026\/02\/Proposta-Petrobras-2026.pdf\">Proposta Petrobras &#8211; 2026<\/a><\/p>\r\n<p><a href=\"http:\/\/www.cepemacae.com.br\/novo\/wp-content\/uploads\/2026\/02\/Proposta-Termo-Macae-2026.pdf\">Proposta Termo Maca\u00e9 &#8211; 2026<\/a><\/p>\r\n<p><a href=\"http:\/\/www.cepemacae.com.br\/novo\/wp-content\/uploads\/2026\/02\/Proposta-Transpetro-2026.pdf\">Proposta Transpetro &#8211; 2026<\/a><\/p>\r\n<p><a href=\"http:\/\/www.cepemacae.com.br\/novo\/wp-content\/uploads\/2026\/02\/Proposta-Vibra-2026.pdf\">Proposta Vibra &#8211; 2026<\/a><\/p>\r\n<p>Mensalidade: R$ 120,00 (cento e vinte reais).<br \/>(EMPREGADOS NA ATIVA PETROBRAS, TRANSPETRO, TERMOMACA\u00c9 E VIBRA).<br \/>Com pagamento via desconto em folha.<\/p>\r\n<p><strong>Plano Aposentados<\/strong><\/p>\r\n<a href=\"http:\/\/www.cepemacae.com.br\/novo\/wp-content\/uploads\/2026\/02\/Proposta-Petros-2026.pdf\">Proposta Petros &#8211; 2026<\/a><br \/>\r\n<p>Mensalidade: R$:120,00 (cento e vinte reais).<br \/>(APOSENTADOS DO SISTEMA PETROBRAS PELA PETROS).<br \/>Pagamento efetuado atrav\u00e9s de desconto em folha.<\/p>\r\n<p><strong>Plano Afim<\/strong><\/p>\r\n<p>Filho de s\u00f3cio efetivo: R$:120,00 (cento e vinte reais).<\/p>\r\n<\/div>\r\n<p><a href=\"http:\/\/www.cepemacae.com.br\/novo\/wp-content\/uploads\/2026\/02\/Proposta-Afim-Efetivo-2026-1.pdf\">Proposta Afim Efetivo -2026 (1)<\/a><\/p>\r\n<p>&nbsp;<\/p>\r\n<div class=\"wp-block-group\">\r\n<p>Filhos de s\u00f3cio aposentado: R$:120,00 (cento e vinte reais).<\/p>\r\n<a href=\"http:\/\/www.cepemacae.com.br\/novo\/wp-content\/uploads\/2026\/02\/Proposta-Afim-Petros-2026.pdf\">Proposta Afim Petros -2026<\/a><br \/>\r\n<p>(FILHOS(AS) DE S\u00d3CIOS EFETIVOS OU APOSENTADOS, QUE COMPLETARAM A MAIORIDADE E N\u00c3O EST\u00c3O CURSANDO UNIVERSIDADE).<\/p>\r\n<p>O pagamento pode ser feito atrav\u00e9s de desconto em folha de pagamento do pai\/m\u00e3e (associado do CEPE Maca\u00e9).<\/p>\r\n<p>Documentos necess\u00e1rios:<\/p>\r\n<p>C\u00f3pias dos seguintes documentos:<\/p>\r\n<p>Efetivos CRACH\u00c1 e AMS (frente e verso)<br \/>Aposentados: CRACH\u00c1<br \/>Contribuinte: CPF e RG<br \/>Afim: CPF, RG<\/p>\r\n<p>OBS.: Caso o proponente seja casado(a), tamb\u00e9m dever\u00e1 entregar c\u00f3pia da certid\u00e3o de casamento. Caso tenha filhos (at\u00e9 21 anos), c\u00f3pia da certid\u00e3o de nascimento ou RG.<\/p>\r\n<\/div><\/div>\r\n","protected":false},"excerpt":{"rendered":"Orienta\u00e7\u00f5es para se tornar s\u00f3cio do CEPE -Maca\u00e9 1 &#8211; Verifique em qual categoria de s\u00f3cio voc\u00ea se enquadra; 2 &#8211; Junte a documenta\u00e7\u00e3o necess\u00e1ria;3 &#8211; Dirija-se a secretaria para PREENCHER a sua proposta e entregar a documenta\u00e7\u00e3o. Aten\u00e7\u00e3o : S\u00e3o considerados dependentes dos associados:a) Os filhos de at\u00e9 21 anos e o c\u00f4njuge ou&#8230; <a class=\"view-article\" href=\"http:\/\/www.cepemacae.com.br\/novo\/associe-se\/\">Ver artigo<\/a>","protected":false},"author":1,"featured_media":0,"parent":0,"menu_order":0,"comment_status":"closed","ping_status":"closed","template":"","meta":[],"_links":{"self":[{"href":"http:\/\/www.cepemacae.com.br\/novo\/wp-json\/wp\/v2\/pages\/40"}],"collection":[{"href":"http:\/\/www.cepemacae.com.br\/novo\/wp-json\/wp\/v2\/pages"}],"about":[{"href":"http:\/\/www.cepemacae.com.br\/novo\/wp-json\/wp\/v2\/types\/page"}],"author":[{"embeddable":true,"href":"http:\/\/www.cepemacae.com.br\/novo\/wp-json\/wp\/v2\/users\/1"}],"replies":[{"embeddable":true,"href":"http:\/\/www.cepemacae.com.br\/novo\/wp-json\/wp\/v2\/comments?post=40"}],"version-history":[{"count":55,"href":"http:\/\/www.cepemacae.com.br\/novo\/wp-json\/wp\/v2\/pages\/40\/revisions"}],"predecessor-version":[{"id":34123,"href":"http:\/\/www.cepemacae.com.br\/novo\/wp-json\/wp\/v2\/pages\/40\/revisions\/34123"}],"wp:attachment":[{"href":"http:\/\/www.cepemacae.com.br\/novo\/wp-json\/wp\/v2\/media?parent=40"}],"curies":[{"name":"wp","href":"https:\/\/api.w.org\/{rel}","templated":true}]}}