{"id":24,"date":"2017-08-03T14:32:54","date_gmt":"2017-08-03T17:32:54","guid":{"rendered":"https:\/\/www.cepemacae.com.br\/novo\/?page_id=24"},"modified":"2022-12-27T17:27:55","modified_gmt":"2022-12-27T20:27:55","slug":"sede-social","status":"publish","type":"page","link":"https:\/\/www.cepemacae.com.br\/novo\/sede-social\/","title":{"rendered":"Sede Social"},"content":{"rendered":"<p>Av. Atl\u00e2ntica, 1622<br \/>\nCavaleiros \u2013 Maca\u00e9 \u2013 RJ<br \/>\nTel: (22) 2773-3656<\/p>\n<p>(22) 2773-4050<\/p>\n<p>* Piscina Semi-ol\u00edmpica;<br \/>\n* Piscina Infantil;<br \/>\n* Churrasqueira do t\u00e9rreo;<br \/>\n* Churrasqueira do terra\u00e7o;<br \/>\n* Sauna Masculina;<br \/>\n* Sauna Feminina;<br \/>\n* Sal\u00e3o de jogos (sinuca e t\u00eanis de mesa);<br \/>\n* Gin\u00e1sio poliesportivo;<br \/>\n* Sala do Tatame;<br \/>\n* Sala de exame m\u00e9dico;<br \/>\n* Sala de Gin\u00e1stica;<br \/>\n* Academia;<br \/>\n* Sala de Avalia\u00e7\u00e3o F\u00edsica<br \/>\n* Secretaria;<br \/>\n* Tesouraria;<br \/>\n* Ger\u00eancia;<br \/>\n* Departamento de Esportes;<br \/>\n* Almoxarifado de esportes;<br \/>\n* Vesti\u00e1rio Masculino;<br \/>\n* Vesti\u00e1rio Feminino;<br \/>\n* Departamento Social;<br \/>\n* Lanchonete;<\/p>\n<h3>Conhe\u00e7a o Clube<\/h3>\n<p>O Clube Cidade do Sol, conta com duas sedes na cidade Maca\u00e9 norte fluminense do estado, a Sede Social localizada na Av. Atlantica N\u00ba1622 e a Sede Campestre na Rua Arquimedes Marques S\/N.<\/p>\n<hr \/>\n<h3>Normas do Clube<\/h3>\n<p><a href=\"http:\/\/www.cepemacae.com.br\/novo\/wp-content\/uploads\/2022\/06\/ESTATUTO-UNIFICADO-CEPE-MACAE.pdf\">ESTATUTO UNIFICADO CEPE-MACA\u00c9<\/a><\/p>\n<p><a href=\"http:\/\/www.cepemacae.com.br\/novo\/wp-content\/uploads\/2022\/12\/REGIMENTO-INTERNO-CEPE-MACAE.pdf\">REGIMENTO INTERNO CEPE MACA\u00c9<\/a><\/p>\n<p>Hor\u00e1rio de Funcionamento<\/p>\n<p>Academia<\/p>\n<p>06:00h \u00e1s 21:00h de ter\u00e7a-feira a sexta-feira.<\/p>\n<p>08:00h \u00e1s 14:00h S\u00e1bados, domingos e feriados.<\/p>\n<p><strong><u>FUNCIONAMENTO DA SECRETARIA<\/u><\/strong><\/p>\n<p><strong>Ter\u00e7a-feira \u00e0 Sexta-feira<\/strong><\/p>\n<p><strong>08:00h \u00e0s 21:00h<\/strong><\/p>\n<p><strong>S\u00e1bados, Domingos e Feriados<\/strong><\/p>\n<p><strong>08:00h \u00e0s 17:00h<\/strong><\/p>\n<p><img loading=\"lazy\" class=\"alignnone  wp-image-10131\" src=\"http:\/\/www.cepemacae.com.br\/novo\/wp-content\/uploads\/2019\/03\/FUNCIONAMENTO-DO-CLUBE-A-PARTIR-DE-MAR\u00c7O-2019-300x208.jpg\" alt=\"\" width=\"581\" height=\"403\" \/><\/p>\n<hr \/>\n","protected":false},"excerpt":{"rendered":"Av. Atl\u00e2ntica, 1622 Cavaleiros \u2013 Maca\u00e9 \u2013 RJ Tel: (22) 2773-3656 (22) 2773-4050 * Piscina Semi-ol\u00edmpica; * Piscina Infantil; * Churrasqueira do t\u00e9rreo; * Churrasqueira do terra\u00e7o; * Sauna Masculina; * Sauna Feminina; * Sal\u00e3o de jogos (sinuca e t\u00eanis de mesa); * Gin\u00e1sio poliesportivo; * Sala do Tatame; * Sala de exame m\u00e9dico; *&#8230; <a class=\"view-article\" href=\"https:\/\/www.cepemacae.com.br\/novo\/sede-social\/\">Ver artigo<\/a>","protected":false},"author":1,"featured_media":5,"parent":0,"menu_order":0,"comment_status":"closed","ping_status":"closed","template":"","meta":[],"_links":{"self":[{"href":"https:\/\/www.cepemacae.com.br\/novo\/wp-json\/wp\/v2\/pages\/24"}],"collection":[{"href":"https:\/\/www.cepemacae.com.br\/novo\/wp-json\/wp\/v2\/pages"}],"about":[{"href":"https:\/\/www.cepemacae.com.br\/novo\/wp-json\/wp\/v2\/types\/page"}],"author":[{"embeddable":true,"href":"https:\/\/www.cepemacae.com.br\/novo\/wp-json\/wp\/v2\/users\/1"}],"replies":[{"embeddable":true,"href":"https:\/\/www.cepemacae.com.br\/novo\/wp-json\/wp\/v2\/comments?post=24"}],"version-history":[{"count":22,"href":"https:\/\/www.cepemacae.com.br\/novo\/wp-json\/wp\/v2\/pages\/24\/revisions"}],"predecessor-version":[{"id":20990,"href":"https:\/\/www.cepemacae.com.br\/novo\/wp-json\/wp\/v2\/pages\/24\/revisions\/20990"}],"wp:featuredmedia":[{"embeddable":true,"href":"https:\/\/www.cepemacae.com.br\/novo\/wp-json\/wp\/v2\/media\/5"}],"wp:attachment":[{"href":"https:\/\/www.cepemacae.com.br\/novo\/wp-json\/wp\/v2\/media?parent=24"}],"curies":[{"name":"wp","href":"https:\/\/api.w.org\/{rel}","templated":true}]}}